{"id":1938,"date":"2025-02-13T17:27:48","date_gmt":"2025-02-13T15:27:48","guid":{"rendered":"https:\/\/frpadel.ro\/?page_id=1938"},"modified":"2026-04-22T12:24:15","modified_gmt":"2026-04-22T09:24:15","slug":"inscrieri","status":"publish","type":"page","link":"https:\/\/frpadel.ro\/index.php\/inscrieri\/","title":{"rendered":"\u00censcrieri"},"content":{"rendered":"<div class=\"wpb-content-wrapper\"><p>[vc_section][vc_row][vc_column][vc_column_text css=&#8221;&#8221;]<\/p>\n<p data-start=\"0\" data-end=\"45\"><strong data-start=\"0\" data-end=\"43\">\u00censcrierea \u00een &#8220;Federa\u021bia de Padel&#8221; din Rom\u00e2nia<\/strong><\/p>\n<p data-start=\"47\" data-end=\"446\">V\u0103 invit\u0103m s\u0103 deveni\u021bi membru al <strong data-start=\"0\" data-end=\"43\">&#8220;Federa\u021biei de Padel&#8221; din Rom\u00e2nia<\/strong><strong data-start=\"80\" data-end=\"116\">\u00a0(FRP)<\/strong>, organiza\u021bia oficial\u0103 care sus\u021bine dezvoltarea \u0219i promovarea acestui sport dinamic \u00een Rom\u00e2nia. Prin \u00eenscriere, ve\u021bi avea acces la competi\u021bii oficiale, clasamente na\u021bionale \u0219i oportunit\u0103\u021bi de antrenament la nivel profesionist. De asemenea, ve\u021bi contribui la consolidarea unei comunit\u0103\u021bi puternice de juc\u0103tori pasiona\u021bi de padel.<\/p>\n<p data-start=\"448\" data-end=\"643\">Pentru a finaliza procesul de \u00eenscriere, v\u0103 rug\u0103m s\u0103 efectua\u021bi plata taxei de <strong>100 RON<\/strong> (doar \u00een moneda RON) \u0219i s\u0103 completa\u021bi formularul de mai jos cu toate informa\u021biile necesare. Detaliile de plat\u0103 sunt urm\u0103toarele:<\/p>\n<ul data-start=\"644\" data-end=\"840\">\n<li data-start=\"644\" data-end=\"689\"><strong data-start=\"646\" data-end=\"662\">Cont bancar:<\/strong> RO52BTRLRONCRT0640765201<\/li>\n<li data-start=\"690\" data-end=\"728\"><strong data-start=\"692\" data-end=\"707\">Destinatar:<\/strong> FEDERA\u021aIA DE PADEL<\/li>\n<li data-start=\"729\" data-end=\"772\"><strong data-start=\"731\" data-end=\"746\">Nume banc\u0103:<\/strong> Banca Transilvania S.A.<\/li>\n<li data-start=\"773\" data-end=\"840\"><strong data-start=\"775\" data-end=\"797\">Descrierea pl\u0103\u021bii:<\/strong> <strong data-start=\"798\" data-end=\"838\">Taxa de Inscriere FRP [NUME JUC\u0102TOR]<\/strong><\/li>\n<\/ul>\n<p data-start=\"842\" data-end=\"938\" data-is-last-node=\"\">V\u0103 mul\u021bumim pentru sprijinul acordat dezvolt\u0103rii padelului \u00een Rom\u00e2nia \u0219i v\u0103 a\u0219tept\u0103m pe teren!<\/p>\n<blockquote>\n<p data-path-to-node=\"4,2\">V\u0103 rug\u0103m s\u0103 verifica\u021bi adresa de email \u00een urm\u0103toarele <b data-path-to-node=\"4,2\" data-index-in-node=\"66\">24-48 de ore<\/b> pentru confirmarea \u00eenscrierii \u0219i detaliile licen\u021bei.<\/p>\n<p data-path-to-node=\"4,3\">\ud83d\udca1 <i data-path-to-node=\"4,3\" data-index-in-node=\"3\">Sfat: Dac\u0103 nu g\u0103si\u021bi mesajul \u00een Inbox, v\u0103 rug\u0103m s\u0103 verifica\u021bi \u0219i folderul <b data-path-to-node=\"4,3\" data-index-in-node=\"77\">Spam<\/b> sau <b data-path-to-node=\"4,3\" data-index-in-node=\"86\">Promotions<\/b>.<\/i><\/p>\n<\/blockquote>\n<p>[\/vc_column_text]\n<div class=\"wpcf7 no-js\" id=\"wpcf7-f1095-o1\" lang=\"en-US\" dir=\"ltr\" data-wpcf7-id=\"1095\">\n<div class=\"screen-reader-response\"><p role=\"status\" aria-live=\"polite\" aria-atomic=\"true\"><\/p> <ul><\/ul><\/div>\n<form action=\"\/index.php\/wp-json\/wp\/v2\/pages\/1938#wpcf7-f1095-o1\" method=\"post\" class=\"wpcf7-form init\" aria-label=\"Contact form\" enctype=\"multipart\/form-data\" novalidate=\"novalidate\" data-status=\"init\">\n<fieldset class=\"hidden-fields-container\"><input type=\"hidden\" name=\"_wpcf7\" value=\"1095\" \/><input type=\"hidden\" name=\"_wpcf7_version\" value=\"6.1.4\" \/><input type=\"hidden\" name=\"_wpcf7_locale\" value=\"en_US\" \/><input type=\"hidden\" name=\"_wpcf7_unit_tag\" value=\"wpcf7-f1095-o1\" \/><input type=\"hidden\" name=\"_wpcf7_container_post\" value=\"0\" \/><input type=\"hidden\" name=\"_wpcf7_posted_data_hash\" value=\"\" \/><input type=\"hidden\" name=\"_wpcf7_recaptcha_response\" value=\"\" \/>\n<\/fieldset>\n<div class=\"row\">\n\t<div class=\"col-md-4\">\n\t\t<div class=\"form-group\">\n\t\t\t<p><label class=\"control-label\">Nume *<\/label><br \/>\n<span class=\"wpcf7-form-control-wrap\" data-name=\"nume\"><input size=\"40\" maxlength=\"400\" class=\"wpcf7-form-control wpcf7-text wpcf7-validates-as-required form-control\" aria-required=\"true\" aria-invalid=\"false\" placeholder=\"Introduce\u021bi numele...\" value=\"\" type=\"text\" name=\"nume\" \/><\/span>\n\t\t\t<\/p>\n\t\t<\/div>\n\t\t<div class=\"form-group\">\n\t\t\t<p><label class=\"control-label\">Prenume *<\/label><br \/>\n<span class=\"wpcf7-form-control-wrap\" data-name=\"prenume\"><input size=\"40\" maxlength=\"400\" class=\"wpcf7-form-control wpcf7-text wpcf7-validates-as-required form-control\" aria-required=\"true\" aria-invalid=\"false\" placeholder=\"Introduce\u021bi prenumele...\" value=\"\" type=\"text\" name=\"prenume\" \/><\/span>\n\t\t\t<\/p>\n\t\t<\/div>\n\t\t<div class=\"form-group\">\n\t\t\t<p><label class=\"control-label\">Data na\u0219terii *<\/label><br \/>\n<span class=\"wpcf7-form-control-wrap\" data-name=\"data_nasterii\"><input class=\"wpcf7-form-control wpcf7-date wpcf7-validates-as-required wpcf7-validates-as-date form-control\" aria-required=\"true\" aria-invalid=\"false\" placeholder=\"Selecta\u021bi data...\" value=\"\" type=\"date\" name=\"data_nasterii\" \/><\/span>\n\t\t\t<\/p>\n\t\t<\/div>\n\t\t<div class=\"form-group\">\n\t\t\t<p><label class=\"control-label\">Email *<\/label><br \/>\n<span class=\"wpcf7-form-control-wrap\" data-name=\"email\"><input size=\"40\" maxlength=\"400\" class=\"wpcf7-form-control wpcf7-email wpcf7-validates-as-required wpcf7-text wpcf7-validates-as-email form-control\" aria-required=\"true\" aria-invalid=\"false\" placeholder=\"Introduce\u021bi adresa de email...\" value=\"\" type=\"email\" name=\"email\" \/><\/span>\n\t\t\t<\/p>\n\t\t<\/div>\n\t\t<div class=\"form-group\">\n\t\t\t<p><label class=\"control-label\">Telefon *<\/label><br \/>\n<span class=\"wpcf7-form-control-wrap\" data-name=\"telefon\"><input size=\"40\" maxlength=\"400\" class=\"wpcf7-form-control wpcf7-tel wpcf7-validates-as-required wpcf7-text wpcf7-validates-as-tel form-control\" aria-required=\"true\" aria-invalid=\"false\" placeholder=\"Introduce\u021bi num\u0103rul de telefon...\" value=\"\" type=\"tel\" name=\"telefon\" \/><\/span>\n\t\t\t<\/p>\n\t\t<\/div>\n\t<\/div>\n\t<div class=\"col-md-4\">\n\t\t<div class=\"form-group\">\n\t\t\t<p><label class=\"control-label\">\u00cenc\u0103rca\u021bi o poz\u0103 avatar *<\/label><br \/>\n<span class=\"wpcf7-form-control-wrap\" data-name=\"poza\"><input size=\"40\" class=\"wpcf7-form-control wpcf7-file wpcf7-validates-as-required form-control\" accept=\".jpg,.png,.jpeg\" aria-required=\"true\" aria-invalid=\"false\" type=\"file\" name=\"poza\" \/><\/span>\n\t\t\t<\/p>\n\t\t<\/div>\n\t\t<div class=\"form-group\">\n\t\t\t<p><label class=\"control-label\">\u00cenc\u0103rca\u021bi carte de identitate *<\/label><br \/>\n<span class=\"wpcf7-form-control-wrap\" data-name=\"ci\"><input size=\"40\" class=\"wpcf7-form-control wpcf7-file wpcf7-validates-as-required form-control\" accept=\".pdf,.jpg,.png,.jpeg\" aria-required=\"true\" aria-invalid=\"false\" type=\"file\" name=\"ci\" \/><\/span>\n\t\t\t<\/p>\n\t\t<\/div>\n\t\t<div class=\"form-group\">\n\t\t\t<p><label class=\"control-label\">\u00cenc\u0103rca\u021bi dovada de plat\u0103 *<\/label><br \/>\n<span class=\"wpcf7-form-control-wrap\" data-name=\"dovada_plata\"><input size=\"40\" class=\"wpcf7-form-control wpcf7-file wpcf7-validates-as-required form-control\" accept=\".pdf,.jpg,.png,.jpeg\" aria-required=\"true\" aria-invalid=\"false\" type=\"file\" name=\"dovada_plata\" \/><\/span>\n\t\t\t<\/p>\n\t\t<\/div>\n\t\t<div class=\"form-group\">\n\t\t\t<p><label class=\"control-label\">\u00cen\u0103l\u021bime (cm)<\/label><br \/>\n<span class=\"wpcf7-form-control-wrap\" data-name=\"inaltime\"><input class=\"wpcf7-form-control wpcf7-number wpcf7-validates-as-number form-control\" min=\"100\" max=\"220\" aria-invalid=\"false\" placeholder=\"Introduce\u021bi \u00een\u0103l\u021bimea...\" value=\"\" type=\"number\" name=\"inaltime\" \/><\/span>\n\t\t\t<\/p>\n\t\t<\/div>\n\t\t<div class=\"form-group\">\n\t\t\t<p><label class=\"control-label\">Partener de joc <\/label><br \/>\n<span class=\"wpcf7-form-control-wrap\" data-name=\"partener\"><input size=\"40\" maxlength=\"400\" class=\"wpcf7-form-control wpcf7-text form-control\" aria-invalid=\"false\" placeholder=\"Introduce\u021bi numele partenerului...\" value=\"\" type=\"text\" name=\"partener\" \/><\/span>\n\t\t\t<\/p>\n\t\t<\/div>\n\t<\/div>\n\t<div class=\"col-md-4\">\n\t\t<div class=\"form-group\">\n\t\t\t<p><label class=\"control-label\">Gen *<\/label><br \/>\n<span class=\"wpcf7-form-control-wrap\" data-name=\"gen\"><span class=\"wpcf7-form-control wpcf7-radio\"><span class=\"wpcf7-list-item first\"><input type=\"radio\" name=\"gen\" value=\"Masculin\" checked=\"checked\" \/><span class=\"wpcf7-list-item-label\">Masculin<\/span><\/span><span class=\"wpcf7-list-item last\"><input type=\"radio\" name=\"gen\" value=\"Feminin\" \/><span class=\"wpcf7-list-item-label\">Feminin<\/span><\/span><\/span><\/span>\n\t\t\t<\/p>\n\t\t<\/div>\n\t\t<div class=\"form-group\">\n\t\t\t<p><label class=\"control-label\">Pozi\u021bie preferat\u0103 \u00een teren<\/label><br \/>\n<span class=\"wpcf7-form-control-wrap\" data-name=\"pozitie\"><select class=\"wpcf7-form-control wpcf7-select form-control\" aria-invalid=\"false\" name=\"pozitie\"><option value=\"St\u00e2nga\">St\u00e2nga<\/option><option value=\"Dreapta\">Dreapta<\/option><option value=\"Nu sunt sigur\">Nu sunt sigur<\/option><\/select><\/span>\n\t\t\t<\/p>\n\t\t<\/div>\n\t\t<div class=\"form-group\">\n\t\t\t<p><label class=\"control-label\">Nivel de experien\u021b\u0103<\/label><br \/>\n<span class=\"wpcf7-form-control-wrap\" data-name=\"nivel\"><select class=\"wpcf7-form-control wpcf7-select form-control\" aria-invalid=\"false\" name=\"nivel\"><option value=\"\u00cencep\u0103tor\">\u00cencep\u0103tor<\/option><option value=\"Intermediar\">Intermediar<\/option><option value=\"Avansat\">Avansat<\/option><\/select><\/span>\n\t\t\t<\/p>\n\t\t<\/div>\n\t\t<div class=\"form-group\">\n\t\t\t<p><label class=\"control-label\">GDPR *<\/label><br \/>\n<span class=\"wpcf7-form-control-wrap\" data-name=\"gdpr\"><span class=\"wpcf7-form-control wpcf7-acceptance\"><span class=\"wpcf7-list-item\"><label><input type=\"checkbox\" name=\"gdpr\" value=\"1\" aria-invalid=\"false\" \/><span class=\"wpcf7-list-item-label\">Sunt de acord ca datele mele s\u0103 fie procesate conform politicii de confiden\u021bialitate.<\/span><\/label><\/span><\/span><\/span>\n\t\t\t<\/p>\n\t\t<\/div>\n\t\t<div class=\"form-group form-group--submit\">\n\t\t\t<p><input class=\"wpcf7-form-control wpcf7-submit has-spinner btn btn-primary-inverse btn-lg btn-block\" id=\"submit\" type=\"submit\" value=\"Trimite cererea\" \/><br \/>\n\t\t\t\n\t\t\t<\/p>\n\t\t<\/div>\n\t<\/div>\n<\/div><p style=\"display: none !important;\" class=\"akismet-fields-container\" data-prefix=\"_wpcf7_ak_\"><label>&#916;<textarea name=\"_wpcf7_ak_hp_textarea\" cols=\"45\" rows=\"8\" maxlength=\"100\"><\/textarea><\/label><input type=\"hidden\" id=\"ak_js_1\" name=\"_wpcf7_ak_js\" value=\"115\"\/><script>document.getElementById( \"ak_js_1\" ).setAttribute( \"value\", ( new Date() ).getTime() );<\/script><\/p><div class=\"wpcf7-response-output\" aria-hidden=\"true\"><\/div>\n<\/form>\n<\/div>\n[\/vc_column][\/vc_row][\/vc_section][vc_row][vc_column][\/vc_column][\/vc_row]<\/p>\n<\/div>","protected":false},"excerpt":{"rendered":"<p>[vc_section][vc_row][vc_column][vc_column_text css=&#8221;&#8221;] \u00censcrierea \u00een &#8220;Federa\u021bia de Padel&#8221; din Rom\u00e2nia V\u0103 invit\u0103m s\u0103 deveni\u021bi membru al &#8220;Federa\u021biei de Padel&#8221; din Rom\u00e2nia\u00a0(FRP), organiza\u021bia oficial\u0103 care sus\u021bine dezvoltarea \u0219i promovarea acestui sport dinamic \u00een Rom\u00e2nia. Prin \u00eenscriere, ve\u021bi avea acces la competi\u021bii oficiale, clasamente na\u021bionale \u0219i oportunit\u0103\u021bi de antrenament la nivel profesionist. De asemenea, ve\u021bi contribui la consolidarea&#8230;<\/p>\n","protected":false},"author":1,"featured_media":0,"parent":0,"menu_order":0,"comment_status":"closed","ping_status":"closed","template":"","meta":{"_acf_changed":false,"footnotes":""},"class_list":["post-1938","page","type-page","status-publish","hentry"],"acf":[],"yoast_head":"<!-- This site is optimized with the Yoast SEO Premium plugin v26.0 (Yoast SEO v26.0) - https:\/\/yoast.com\/wordpress\/plugins\/seo\/ -->\n<title>\u00censcrieri - Federatia de Padel din Romania<\/title>\n<meta name=\"robots\" content=\"index, follow, max-snippet:-1, max-image-preview:large, max-video-preview:-1\" \/>\n<link rel=\"canonical\" href=\"https:\/\/frpadel.ro\/index.php\/inscrieri\/\" \/>\n<meta property=\"og:locale\" content=\"ro_RO\" \/>\n<meta property=\"og:type\" content=\"article\" \/>\n<meta property=\"og:title\" content=\"\u00censcrieri\" \/>\n<meta property=\"og:description\" content=\"[vc_section][vc_row][vc_column][vc_column_text css=&#8221;&#8221;] \u00censcrierea \u00een &#8220;Federa\u021bia de Padel&#8221; din Rom\u00e2nia V\u0103 invit\u0103m s\u0103 deveni\u021bi membru al &#8220;Federa\u021biei de Padel&#8221; din Rom\u00e2nia\u00a0(FRP), organiza\u021bia oficial\u0103 care sus\u021bine dezvoltarea \u0219i promovarea acestui sport dinamic \u00een Rom\u00e2nia. Prin \u00eenscriere, ve\u021bi avea acces la competi\u021bii oficiale, clasamente na\u021bionale \u0219i oportunit\u0103\u021bi de antrenament la nivel profesionist. De asemenea, ve\u021bi contribui la consolidarea...\" \/>\n<meta property=\"og:url\" content=\"https:\/\/frpadel.ro\/index.php\/inscrieri\/\" \/>\n<meta property=\"og:site_name\" content=\"Federatia de Padel din Romania\" \/>\n<meta property=\"article:modified_time\" content=\"2026-04-22T09:24:15+00:00\" \/>\n<meta name=\"twitter:card\" content=\"summary_large_image\" \/>\n<meta name=\"twitter:label1\" content=\"Timp estimat pentru citire\" \/>\n\t<meta name=\"twitter:data1\" content=\"1 minut\" \/>\n<script type=\"application\/ld+json\" class=\"yoast-schema-graph\">{\"@context\":\"https:\/\/schema.org\",\"@graph\":[{\"@type\":\"WebPage\",\"@id\":\"https:\/\/frpadel.ro\/index.php\/inscrieri\/\",\"url\":\"https:\/\/frpadel.ro\/index.php\/inscrieri\/\",\"name\":\"\u00censcrieri - Federatia de Padel din Romania\",\"isPartOf\":{\"@id\":\"https:\/\/frpadel.ro\/#website\"},\"datePublished\":\"2025-02-13T15:27:48+00:00\",\"dateModified\":\"2026-04-22T09:24:15+00:00\",\"breadcrumb\":{\"@id\":\"https:\/\/frpadel.ro\/index.php\/inscrieri\/#breadcrumb\"},\"inLanguage\":\"ro-RO\",\"potentialAction\":[{\"@type\":\"ReadAction\",\"target\":[\"https:\/\/frpadel.ro\/index.php\/inscrieri\/\"]}]},{\"@type\":\"BreadcrumbList\",\"@id\":\"https:\/\/frpadel.ro\/index.php\/inscrieri\/#breadcrumb\",\"itemListElement\":[{\"@type\":\"ListItem\",\"position\":1,\"name\":\"Prima pagin\u0103\",\"item\":\"https:\/\/frpadel.ro\/\"},{\"@type\":\"ListItem\",\"position\":2,\"name\":\"\u00censcrieri\"}]},{\"@type\":\"WebSite\",\"@id\":\"https:\/\/frpadel.ro\/#website\",\"url\":\"https:\/\/frpadel.ro\/\",\"name\":\"Federatia de Padel din Romania\",\"description\":\"Website-ul Federa\u021biei de Padel din Rom\u00e2nia\",\"potentialAction\":[{\"@type\":\"SearchAction\",\"target\":{\"@type\":\"EntryPoint\",\"urlTemplate\":\"https:\/\/frpadel.ro\/?s={search_term_string}\"},\"query-input\":{\"@type\":\"PropertyValueSpecification\",\"valueRequired\":true,\"valueName\":\"search_term_string\"}}],\"inLanguage\":\"ro-RO\"}]}<\/script>\n<!-- \/ Yoast SEO Premium plugin. -->","yoast_head_json":{"title":"\u00censcrieri - Federatia de Padel din Romania","robots":{"index":"index","follow":"follow","max-snippet":"max-snippet:-1","max-image-preview":"max-image-preview:large","max-video-preview":"max-video-preview:-1"},"canonical":"https:\/\/frpadel.ro\/index.php\/inscrieri\/","og_locale":"ro_RO","og_type":"article","og_title":"\u00censcrieri","og_description":"[vc_section][vc_row][vc_column][vc_column_text css=&#8221;&#8221;] \u00censcrierea \u00een &#8220;Federa\u021bia de Padel&#8221; din Rom\u00e2nia V\u0103 invit\u0103m s\u0103 deveni\u021bi membru al &#8220;Federa\u021biei de Padel&#8221; din Rom\u00e2nia\u00a0(FRP), organiza\u021bia oficial\u0103 care sus\u021bine dezvoltarea \u0219i promovarea acestui sport dinamic \u00een Rom\u00e2nia. Prin \u00eenscriere, ve\u021bi avea acces la competi\u021bii oficiale, clasamente na\u021bionale \u0219i oportunit\u0103\u021bi de antrenament la nivel profesionist. De asemenea, ve\u021bi contribui la consolidarea...","og_url":"https:\/\/frpadel.ro\/index.php\/inscrieri\/","og_site_name":"Federatia de Padel din Romania","article_modified_time":"2026-04-22T09:24:15+00:00","twitter_card":"summary_large_image","twitter_misc":{"Timp estimat pentru citire":"1 minut"},"schema":{"@context":"https:\/\/schema.org","@graph":[{"@type":"WebPage","@id":"https:\/\/frpadel.ro\/index.php\/inscrieri\/","url":"https:\/\/frpadel.ro\/index.php\/inscrieri\/","name":"\u00censcrieri - Federatia de Padel din Romania","isPartOf":{"@id":"https:\/\/frpadel.ro\/#website"},"datePublished":"2025-02-13T15:27:48+00:00","dateModified":"2026-04-22T09:24:15+00:00","breadcrumb":{"@id":"https:\/\/frpadel.ro\/index.php\/inscrieri\/#breadcrumb"},"inLanguage":"ro-RO","potentialAction":[{"@type":"ReadAction","target":["https:\/\/frpadel.ro\/index.php\/inscrieri\/"]}]},{"@type":"BreadcrumbList","@id":"https:\/\/frpadel.ro\/index.php\/inscrieri\/#breadcrumb","itemListElement":[{"@type":"ListItem","position":1,"name":"Prima pagin\u0103","item":"https:\/\/frpadel.ro\/"},{"@type":"ListItem","position":2,"name":"\u00censcrieri"}]},{"@type":"WebSite","@id":"https:\/\/frpadel.ro\/#website","url":"https:\/\/frpadel.ro\/","name":"Federatia de Padel din Romania","description":"Website-ul Federa\u021biei de Padel din Rom\u00e2nia","potentialAction":[{"@type":"SearchAction","target":{"@type":"EntryPoint","urlTemplate":"https:\/\/frpadel.ro\/?s={search_term_string}"},"query-input":{"@type":"PropertyValueSpecification","valueRequired":true,"valueName":"search_term_string"}}],"inLanguage":"ro-RO"}]}},"_links":{"self":[{"href":"https:\/\/frpadel.ro\/index.php\/wp-json\/wp\/v2\/pages\/1938","targetHints":{"allow":["GET"]}}],"collection":[{"href":"https:\/\/frpadel.ro\/index.php\/wp-json\/wp\/v2\/pages"}],"about":[{"href":"https:\/\/frpadel.ro\/index.php\/wp-json\/wp\/v2\/types\/page"}],"author":[{"embeddable":true,"href":"https:\/\/frpadel.ro\/index.php\/wp-json\/wp\/v2\/users\/1"}],"replies":[{"embeddable":true,"href":"https:\/\/frpadel.ro\/index.php\/wp-json\/wp\/v2\/comments?post=1938"}],"version-history":[{"count":6,"href":"https:\/\/frpadel.ro\/index.php\/wp-json\/wp\/v2\/pages\/1938\/revisions"}],"predecessor-version":[{"id":3871,"href":"https:\/\/frpadel.ro\/index.php\/wp-json\/wp\/v2\/pages\/1938\/revisions\/3871"}],"wp:attachment":[{"href":"https:\/\/frpadel.ro\/index.php\/wp-json\/wp\/v2\/media?parent=1938"}],"curies":[{"name":"wp","href":"https:\/\/api.w.org\/{rel}","templated":true}]}}