{"id":1848,"date":"2024-11-29T13:10:45","date_gmt":"2024-11-29T11:10:45","guid":{"rendered":"https:\/\/frpadel.ro\/federatienousite\/?page_id=1848"},"modified":"2024-11-29T13:10:45","modified_gmt":"2024-11-29T11:10:45","slug":"despre-federatie","status":"publish","type":"page","link":"https:\/\/frpadel.ro\/index.php\/despre-federatie\/","title":{"rendered":"Despre Federa\u021bie"},"content":{"rendered":"<div class=\"wpb-content-wrapper\"><p>[vc_row][vc_column][alc_box_info values=&#8221;%5B%7B%22el_title%22%3A%22%C3%8Enfiin%C8%9Bat%C4%83%20%C3%AEn%202022%22%2C%22i_type%22%3A%22fontawesome%22%2C%22i_icon_fontawesome%22%3A%22fas%20fa-calendar%22%2C%22i_icon_openiconic%22%3A%22vc-oi%20vc-oi-dial%22%2C%22i_icon_typicons%22%3A%22typcn%20typcn-adjust-brightness%22%2C%22i_icon_entypo%22%3A%22entypo-icon%20entypo-icon-note%22%2C%22i_icon_linecons%22%3A%22vc_li%20vc_li-heart%22%2C%22i_icon_monosocial%22%3A%22vc-mono%20vc-mono-fivehundredpx%22%2C%22i_icon_material%22%3A%22vc-material%20vc-material-cake%22%2C%22i_icon_simpleline%22%3A%22icon-like%22%7D%5D&#8221; title=&#8221;Despre noi&#8221;]<strong>Federa\u021bia de Padel din Rom\u00e2nia (FRPadel)<\/strong> este organiza\u021bia na\u021bional\u0103 care coordoneaz\u0103, promoveaz\u0103 \u0219i dezvolt\u0103 acest sport captivant \u00een Rom\u00e2nia. Fondat\u0103 cu scopul de a crea un cadru profesionist pentru practicarea padelului, Federa\u021bia sus\u021bine at\u00e2t juc\u0103torii amatori, c\u00e2t \u0219i pe cei profesioni\u0219ti, \u00eencuraj\u00e2nd participarea la competi\u021bii na\u021bionale \u0219i interna\u021bionale.<\/p>\n<p>Misiunea noastr\u0103 este de a transforma padelul \u00eentr-un sport de referin\u021b\u0103 \u00een Rom\u00e2nia, prin organizarea de evenimente de calitate, colaborarea cu cluburi sportive \u0219i sus\u021binerea performan\u021bei la toate nivelurile. Prin parteneriate strategice \u0219i ini\u021biative educative, lucr\u0103m pentru a atrage c\u00e2t mai mul\u021bi iubitori de sport c\u0103tre aceast\u0103 activitate dinamic\u0103 \u0219i accesibil\u0103.[\/alc_box_info][\/vc_column][\/vc_row]<\/p>\n<\/div>","protected":false},"excerpt":{"rendered":"<p>[vc_row][vc_column][alc_box_info values=&#8221;%5B%7B%22el_title%22%3A%22%C3%8Enfiin%C8%9Bat%C4%83%20%C3%AEn%202022%22%2C%22i_type%22%3A%22fontawesome%22%2C%22i_icon_fontawesome%22%3A%22fas%20fa-calendar%22%2C%22i_icon_openiconic%22%3A%22vc-oi%20vc-oi-dial%22%2C%22i_icon_typicons%22%3A%22typcn%20typcn-adjust-brightness%22%2C%22i_icon_entypo%22%3A%22entypo-icon%20entypo-icon-note%22%2C%22i_icon_linecons%22%3A%22vc_li%20vc_li-heart%22%2C%22i_icon_monosocial%22%3A%22vc-mono%20vc-mono-fivehundredpx%22%2C%22i_icon_material%22%3A%22vc-material%20vc-material-cake%22%2C%22i_icon_simpleline%22%3A%22icon-like%22%7D%5D&#8221; title=&#8221;Despre noi&#8221;]Federa\u021bia de Padel din Rom\u00e2nia (FRPadel) este organiza\u021bia na\u021bional\u0103 care coordoneaz\u0103, promoveaz\u0103 \u0219i dezvolt\u0103 acest sport captivant \u00een Rom\u00e2nia. Fondat\u0103 cu scopul de a crea un cadru profesionist pentru practicarea padelului, Federa\u021bia sus\u021bine at\u00e2t juc\u0103torii amatori, c\u00e2t \u0219i pe cei profesioni\u0219ti, \u00eencuraj\u00e2nd participarea la competi\u021bii na\u021bionale \u0219i interna\u021bionale. Misiunea noastr\u0103 este de&#8230;<\/p>\n","protected":false},"author":1,"featured_media":0,"parent":0,"menu_order":0,"comment_status":"closed","ping_status":"closed","template":"","meta":{"_acf_changed":false,"footnotes":""},"class_list":["post-1848","page","type-page","status-publish","hentry"],"acf":[],"yoast_head":"<!-- This site is optimized with the Yoast SEO Premium plugin v26.0 (Yoast SEO v26.0) - https:\/\/yoast.com\/wordpress\/plugins\/seo\/ -->\n<title>Despre Federa\u021bie - Federatia de Padel din Romania<\/title>\n<meta name=\"robots\" content=\"index, follow, max-snippet:-1, max-image-preview:large, max-video-preview:-1\" \/>\n<link rel=\"canonical\" href=\"https:\/\/frpadel.ro\/index.php\/despre-federatie\/\" \/>\n<meta property=\"og:locale\" content=\"ro_RO\" \/>\n<meta property=\"og:type\" content=\"article\" \/>\n<meta property=\"og:title\" content=\"Despre Federa\u021bie\" \/>\n<meta property=\"og:description\" content=\"[vc_row][vc_column][alc_box_info values=&#8221;%5B%7B%22el_title%22%3A%22%C3%8Enfiin%C8%9Bat%C4%83%20%C3%AEn%202022%22%2C%22i_type%22%3A%22fontawesome%22%2C%22i_icon_fontawesome%22%3A%22fas%20fa-calendar%22%2C%22i_icon_openiconic%22%3A%22vc-oi%20vc-oi-dial%22%2C%22i_icon_typicons%22%3A%22typcn%20typcn-adjust-brightness%22%2C%22i_icon_entypo%22%3A%22entypo-icon%20entypo-icon-note%22%2C%22i_icon_linecons%22%3A%22vc_li%20vc_li-heart%22%2C%22i_icon_monosocial%22%3A%22vc-mono%20vc-mono-fivehundredpx%22%2C%22i_icon_material%22%3A%22vc-material%20vc-material-cake%22%2C%22i_icon_simpleline%22%3A%22icon-like%22%7D%5D&#8221; title=&#8221;Despre noi&#8221;]Federa\u021bia de Padel din Rom\u00e2nia (FRPadel) este organiza\u021bia na\u021bional\u0103 care coordoneaz\u0103, promoveaz\u0103 \u0219i dezvolt\u0103 acest sport captivant \u00een Rom\u00e2nia. Fondat\u0103 cu scopul de a crea un cadru profesionist pentru practicarea padelului, Federa\u021bia sus\u021bine at\u00e2t juc\u0103torii amatori, c\u00e2t \u0219i pe cei profesioni\u0219ti, \u00eencuraj\u00e2nd participarea la competi\u021bii na\u021bionale \u0219i interna\u021bionale. Misiunea noastr\u0103 este de...\" \/>\n<meta property=\"og:url\" content=\"https:\/\/frpadel.ro\/index.php\/despre-federatie\/\" \/>\n<meta property=\"og:site_name\" content=\"Federatia de Padel din Romania\" \/>\n<meta name=\"twitter:card\" content=\"summary_large_image\" \/>\n<meta name=\"twitter:label1\" content=\"Timp estimat pentru citire\" \/>\n\t<meta name=\"twitter:data1\" content=\"1 minut\" \/>\n<script type=\"application\/ld+json\" class=\"yoast-schema-graph\">{\"@context\":\"https:\/\/schema.org\",\"@graph\":[{\"@type\":\"WebPage\",\"@id\":\"https:\/\/frpadel.ro\/index.php\/despre-federatie\/\",\"url\":\"https:\/\/frpadel.ro\/index.php\/despre-federatie\/\",\"name\":\"Despre Federa\u021bie - Federatia de Padel din Romania\",\"isPartOf\":{\"@id\":\"https:\/\/frpadel.ro\/#website\"},\"datePublished\":\"2024-11-29T11:10:45+00:00\",\"breadcrumb\":{\"@id\":\"https:\/\/frpadel.ro\/index.php\/despre-federatie\/#breadcrumb\"},\"inLanguage\":\"ro-RO\",\"potentialAction\":[{\"@type\":\"ReadAction\",\"target\":[\"https:\/\/frpadel.ro\/index.php\/despre-federatie\/\"]}]},{\"@type\":\"BreadcrumbList\",\"@id\":\"https:\/\/frpadel.ro\/index.php\/despre-federatie\/#breadcrumb\",\"itemListElement\":[{\"@type\":\"ListItem\",\"position\":1,\"name\":\"Prima pagin\u0103\",\"item\":\"https:\/\/frpadel.ro\/\"},{\"@type\":\"ListItem\",\"position\":2,\"name\":\"Despre Federa\u021bie\"}]},{\"@type\":\"WebSite\",\"@id\":\"https:\/\/frpadel.ro\/#website\",\"url\":\"https:\/\/frpadel.ro\/\",\"name\":\"Federatia de Padel din Romania\",\"description\":\"Website-ul Federa\u021biei de Padel din Rom\u00e2nia\",\"potentialAction\":[{\"@type\":\"SearchAction\",\"target\":{\"@type\":\"EntryPoint\",\"urlTemplate\":\"https:\/\/frpadel.ro\/?s={search_term_string}\"},\"query-input\":{\"@type\":\"PropertyValueSpecification\",\"valueRequired\":true,\"valueName\":\"search_term_string\"}}],\"inLanguage\":\"ro-RO\"}]}<\/script>\n<!-- \/ Yoast SEO Premium plugin. -->","yoast_head_json":{"title":"Despre Federa\u021bie - Federatia de Padel din Romania","robots":{"index":"index","follow":"follow","max-snippet":"max-snippet:-1","max-image-preview":"max-image-preview:large","max-video-preview":"max-video-preview:-1"},"canonical":"https:\/\/frpadel.ro\/index.php\/despre-federatie\/","og_locale":"ro_RO","og_type":"article","og_title":"Despre Federa\u021bie","og_description":"[vc_row][vc_column][alc_box_info values=&#8221;%5B%7B%22el_title%22%3A%22%C3%8Enfiin%C8%9Bat%C4%83%20%C3%AEn%202022%22%2C%22i_type%22%3A%22fontawesome%22%2C%22i_icon_fontawesome%22%3A%22fas%20fa-calendar%22%2C%22i_icon_openiconic%22%3A%22vc-oi%20vc-oi-dial%22%2C%22i_icon_typicons%22%3A%22typcn%20typcn-adjust-brightness%22%2C%22i_icon_entypo%22%3A%22entypo-icon%20entypo-icon-note%22%2C%22i_icon_linecons%22%3A%22vc_li%20vc_li-heart%22%2C%22i_icon_monosocial%22%3A%22vc-mono%20vc-mono-fivehundredpx%22%2C%22i_icon_material%22%3A%22vc-material%20vc-material-cake%22%2C%22i_icon_simpleline%22%3A%22icon-like%22%7D%5D&#8221; title=&#8221;Despre noi&#8221;]Federa\u021bia de Padel din Rom\u00e2nia (FRPadel) este organiza\u021bia na\u021bional\u0103 care coordoneaz\u0103, promoveaz\u0103 \u0219i dezvolt\u0103 acest sport captivant \u00een Rom\u00e2nia. Fondat\u0103 cu scopul de a crea un cadru profesionist pentru practicarea padelului, Federa\u021bia sus\u021bine at\u00e2t juc\u0103torii amatori, c\u00e2t \u0219i pe cei profesioni\u0219ti, \u00eencuraj\u00e2nd participarea la competi\u021bii na\u021bionale \u0219i interna\u021bionale. Misiunea noastr\u0103 este de...","og_url":"https:\/\/frpadel.ro\/index.php\/despre-federatie\/","og_site_name":"Federatia de Padel din Romania","twitter_card":"summary_large_image","twitter_misc":{"Timp estimat pentru citire":"1 minut"},"schema":{"@context":"https:\/\/schema.org","@graph":[{"@type":"WebPage","@id":"https:\/\/frpadel.ro\/index.php\/despre-federatie\/","url":"https:\/\/frpadel.ro\/index.php\/despre-federatie\/","name":"Despre Federa\u021bie - Federatia de Padel din Romania","isPartOf":{"@id":"https:\/\/frpadel.ro\/#website"},"datePublished":"2024-11-29T11:10:45+00:00","breadcrumb":{"@id":"https:\/\/frpadel.ro\/index.php\/despre-federatie\/#breadcrumb"},"inLanguage":"ro-RO","potentialAction":[{"@type":"ReadAction","target":["https:\/\/frpadel.ro\/index.php\/despre-federatie\/"]}]},{"@type":"BreadcrumbList","@id":"https:\/\/frpadel.ro\/index.php\/despre-federatie\/#breadcrumb","itemListElement":[{"@type":"ListItem","position":1,"name":"Prima pagin\u0103","item":"https:\/\/frpadel.ro\/"},{"@type":"ListItem","position":2,"name":"Despre Federa\u021bie"}]},{"@type":"WebSite","@id":"https:\/\/frpadel.ro\/#website","url":"https:\/\/frpadel.ro\/","name":"Federatia de Padel din Romania","description":"Website-ul Federa\u021biei de Padel din Rom\u00e2nia","potentialAction":[{"@type":"SearchAction","target":{"@type":"EntryPoint","urlTemplate":"https:\/\/frpadel.ro\/?s={search_term_string}"},"query-input":{"@type":"PropertyValueSpecification","valueRequired":true,"valueName":"search_term_string"}}],"inLanguage":"ro-RO"}]}},"_links":{"self":[{"href":"https:\/\/frpadel.ro\/index.php\/wp-json\/wp\/v2\/pages\/1848","targetHints":{"allow":["GET"]}}],"collection":[{"href":"https:\/\/frpadel.ro\/index.php\/wp-json\/wp\/v2\/pages"}],"about":[{"href":"https:\/\/frpadel.ro\/index.php\/wp-json\/wp\/v2\/types\/page"}],"author":[{"embeddable":true,"href":"https:\/\/frpadel.ro\/index.php\/wp-json\/wp\/v2\/users\/1"}],"replies":[{"embeddable":true,"href":"https:\/\/frpadel.ro\/index.php\/wp-json\/wp\/v2\/comments?post=1848"}],"version-history":[{"count":1,"href":"https:\/\/frpadel.ro\/index.php\/wp-json\/wp\/v2\/pages\/1848\/revisions"}],"predecessor-version":[{"id":1849,"href":"https:\/\/frpadel.ro\/index.php\/wp-json\/wp\/v2\/pages\/1848\/revisions\/1849"}],"wp:attachment":[{"href":"https:\/\/frpadel.ro\/index.php\/wp-json\/wp\/v2\/media?parent=1848"}],"curies":[{"name":"wp","href":"https:\/\/api.w.org\/{rel}","templated":true}]}}